{"id":10,"date":"2023-12-29T21:40:39","date_gmt":"2023-12-29T20:40:39","guid":{"rendered":"https:\/\/eleonoramarkowicz.pl\/?page_id=10"},"modified":"2023-12-29T22:03:12","modified_gmt":"2023-12-29T21:03:12","slug":"eleonora-markowicz-kancelaria-adwokacka","status":"publish","type":"page","link":"https:\/\/eleonoramarkowicz.pl\/","title":{"rendered":""},"content":{"rendered":"\n<h1 class=\"wp-block-heading has-contrast-color has-accent-2-background-color has-text-color has-background has-link-color wp-elements-a6b1a98f007d4498e68783478a24ceb2\"><strong>Eleonora Markowicz<br>Kancelaria Adwokacka<\/strong><\/h1>\n\n\n\n<p class=\"has-text-align-left has-contrast-color has-accent-2-background-color has-text-color has-background has-link-color has-medium-font-size wp-elements-32992e044b5528a34338b2ed99261dc0\">Kancelaria adwokat Eleonory Markowicz w Krakowie dzia\u0142a od 2010 roku. Kancelaria \u015bwiadczy us\u0142ugi prawne na rzecz os\u00f3b fizycznych i przedsi\u0119biorc\u00f3w. Obs\u0142uga prawna jest prowadzona w j\u0119zyku polskim, rosyjskim i litewskim.<\/p>\n\n\n\n<p class=\"has-contrast-color has-accent-2-background-color has-text-color has-background has-link-color wp-elements-e7ff25050fa6fb11ba75d33fdcc1a553\">Adwokat Eleonora Markowicz  jest absolwentem Wydzia\u0142u Prawa Uniwersytetu Jagiello\u0144skiego.  Na list\u0119 adwokat\u00f3w Izby Adwokackiej w Krakowie zosta\u0142a wpisana w roku 2010.<\/p>\n\n\n\n<p class=\"has-contrast-color has-accent-2-background-color has-text-color has-background has-link-color wp-elements-caebcd49e206e88726bb101c97da6783\">Kancelaria  \u015bwiadczy pomoc prawn\u0105 z r\u00f3\u017cnych dziedzin prawa,  zar\u00f3wno z  zakresu prawa cywilnego, gospodarczego, prawa pracy,  jak  i prawa karnego.<\/p>\n\n\n\n<h2 class=\"wp-block-heading has-accent-2-background-color has-background\">Ustalenie terminu spotkania<\/h2>\n\n\n\n<p class=\"has-contrast-color has-accent-2-background-color has-text-color has-background has-link-color wp-elements-38e1c520222e93f485ac41c0cd5fcbdd\">Spotkanie z adwokat Eleonor\u0105 Markowicz jest mo\u017cliwe po wcze\u015bniejszym ustaleniu terminu drog\u0105 elektroniczn\u0105 lub telefoniczn\u0105.<\/p>\n\n\n\n<h2 class=\"wp-block-heading has-contrast-color has-accent-2-background-color has-text-color has-background has-link-color wp-elements-6756b310e78537703361dcefec90f383\">Dane adresowe i kontaktowe<\/h2>\n\n\n\n<div class=\"wp-block-columns is-layout-flex wp-container-core-columns-is-layout-28f84493 wp-block-columns-is-layout-flex\">\n<div class=\"wp-block-column is-layout-flow wp-block-column-is-layout-flow\" style=\"flex-basis:100%\">\n<div class=\"wp-block-group has-global-padding is-layout-constrained wp-block-group-is-layout-constrained\">\n<p class=\"has-contrast-color has-accent-2-background-color has-text-color has-background has-link-color wp-elements-d98d972efd65b054eff25ccd34f950dc\">Eleonora Markowicz<br>Kancelaria Adwokacka<br>ul. Rynek D\u0119bnicki 6\/3<br>30-319 Krak\u00f3w<\/p>\n\n\n\n<p class=\"has-contrast-color has-accent-2-background-color has-text-color has-background has-link-color wp-elements-aa2353abdb2fced1e9b7dc5120961db1\">tel. 608735697<\/p>\n\n\n\n<p class=\"has-contrast-color has-accent-2-background-color has-text-color has-background has-link-color wp-elements-2a01f87124738c718aa3da328eeb9075\">email.adwokat@eleonoramarkowicz.pl<br>email: eleonora.markowicz@adwokatura.krakow.pl<\/p>\n<\/div>\n<\/div>\n<\/div>\n","protected":false},"excerpt":{"rendered":"<p>Eleonora MarkowiczKancelaria Adwokacka Kancelaria adwokat Eleonory Markowicz w Krakowie dzia\u0142a od 2010 roku. Kancelaria \u015bwiadczy us\u0142ugi prawne na rzecz os\u00f3b fizycznych i przedsi\u0119biorc\u00f3w. Obs\u0142uga prawna jest prowadzona w j\u0119zyku polskim, rosyjskim i litewskim. Adwokat Eleonora Markowicz jest absolwentem Wydzia\u0142u Prawa Uniwersytetu Jagiello\u0144skiego. Na list\u0119 adwokat\u00f3w Izby Adwokackiej w Krakowie zosta\u0142a wpisana w roku 2010. Kancelaria [&hellip;]<\/p>\n","protected":false},"author":1,"featured_media":0,"parent":0,"menu_order":0,"comment_status":"closed","ping_status":"closed","template":"","meta":{"footnotes":""},"class_list":["post-10","page","type-page","status-publish","hentry"],"_links":{"self":[{"href":"https:\/\/eleonoramarkowicz.pl\/index.php?rest_route=\/wp\/v2\/pages\/10","targetHints":{"allow":["GET"]}}],"collection":[{"href":"https:\/\/eleonoramarkowicz.pl\/index.php?rest_route=\/wp\/v2\/pages"}],"about":[{"href":"https:\/\/eleonoramarkowicz.pl\/index.php?rest_route=\/wp\/v2\/types\/page"}],"author":[{"embeddable":true,"href":"https:\/\/eleonoramarkowicz.pl\/index.php?rest_route=\/wp\/v2\/users\/1"}],"replies":[{"embeddable":true,"href":"https:\/\/eleonoramarkowicz.pl\/index.php?rest_route=%2Fwp%2Fv2%2Fcomments&post=10"}],"version-history":[{"count":4,"href":"https:\/\/eleonoramarkowicz.pl\/index.php?rest_route=\/wp\/v2\/pages\/10\/revisions"}],"predecessor-version":[{"id":36,"href":"https:\/\/eleonoramarkowicz.pl\/index.php?rest_route=\/wp\/v2\/pages\/10\/revisions\/36"}],"wp:attachment":[{"href":"https:\/\/eleonoramarkowicz.pl\/index.php?rest_route=%2Fwp%2Fv2%2Fmedia&parent=10"}],"curies":[{"name":"wp","href":"https:\/\/api.w.org\/{rel}","templated":true}]}}